{"id":117,"date":"2019-10-06T10:14:48","date_gmt":"2019-10-06T10:14:48","guid":{"rendered":"http:\/\/leer-haltern.de\/?page_id=117"},"modified":"2024-05-13T20:09:51","modified_gmt":"2024-05-13T20:09:51","slug":"schuetzenfest-2018","status":"publish","type":"page","link":"http:\/\/leer-haltern.de\/?page_id=117","title":{"rendered":"Sch\u00fctzenfest 2018"},"content":{"rendered":"\n<figure class=\"wp-block-image size-large\"><img loading=\"lazy\" decoding=\"async\" width=\"576\" height=\"1024\" src=\"http:\/\/leer-haltern.de\/wp-content\/uploads\/2020\/01\/Haltern_Koenig_2018_2-576x1024.jpg\" alt=\"\" class=\"wp-image-204\" srcset=\"http:\/\/leer-haltern.de\/wp-content\/uploads\/2020\/01\/Haltern_Koenig_2018_2-576x1024.jpg 576w, http:\/\/leer-haltern.de\/wp-content\/uploads\/2020\/01\/Haltern_Koenig_2018_2-169x300.jpg 169w, http:\/\/leer-haltern.de\/wp-content\/uploads\/2020\/01\/Haltern_Koenig_2018_2-768x1365.jpg 768w, http:\/\/leer-haltern.de\/wp-content\/uploads\/2020\/01\/Haltern_Koenig_2018_2-864x1536.jpg 864w, http:\/\/leer-haltern.de\/wp-content\/uploads\/2020\/01\/Haltern_Koenig_2018_2.jpg 900w\" sizes=\"auto, (max-width: 576px) 100vw, 576px\" \/><figcaption>K\u00f6nigspaar 2018 Jonas Viefhues und Stefanie Meiring<\/figcaption><\/figure>\n\n\n\n<p>Festverlauf\nSch\u00fctzenfest Haltern 2018<\/p>\n\n\n\n<p>Zu\nBeginn des Sch\u00fctzenfestes 2018 standen zun\u00e4chst wie immer die Aufbau- und\nAufr\u00e4umarbeiten an Fest- und Schie\u00dfplatz im Vordergrund. Begleitet von gutem\nWetter und der Situation, dass das Zelt in diesem Jahr erfreulicherweise schon\nam Anfang der Sch\u00fctzenfestwoche aufgebaut war, gingen die Vorbereitungen z\u00fcgig\nvoran, so dass man sich am Mittwoch, dem 09. Mai p\u00fcnktlich um 18:30 Uhr in der\nSs. Cosmas und Damian Kirche in Leer einfand.  <\/p>\n\n\n\n<p>W\u00e4hrend\nder Sch\u00fctzenmesse, an der auch wieder Messdiener und Lektor aus der\nBauernschaft mitwirkten, verglich Dechant B\u00fcll das Vereinsleben im\nSch\u00fctzenverein mit einem Mobil\u00e8 f\u00fcr Kleinkinder. Ohne das Zusammenspiel vieler\neinzelner F\u00e4den und Ebenen, sowie dem Ineinanderlaufen zu einer gemeinsamen\nHauptschnur w\u00e4re das Mobil\u00e8, \u00e4hnlich wie die Gemeinschaft, weder in Bewegung\nnoch h\u00e4tte es ein gemeinsames Ziel. <\/p>\n\n\n\n<p>Im\nAnschluss an die Messe fand zum Gedenken an alle Verstorbenen, Gefallenen und\nVermissten des Vereins die Kranzniederlegung am Ehrenmal statt. Vorsitzender\nFrank Berning mahnte in seiner Rede besonders die weltweite R\u00fcstungsindustrie,\ndie aktuell auf einem bisher nicht dagewesenen Niveau investiere und\nappellierte zugleich an alle Anwesenden, den Frieden, der leider Gottes keine\nSelbstverst\u00e4ndlichkeit mehr sei, in jeglicher Form zu unterst\u00fctzen.<\/p>\n\n\n\n<p>Besonders\nzu erw\u00e4hnen an dieser Stelle sicherlich noch die musikalische Begleitung\nw\u00e4hrend der Messe und bei der Gedenkfeier durch die Leerschke Blick-Band, die\ndem Ganzen eine besondere Note gab.<\/p>\n\n\n\n<p>Ab\n21:00 Uhr fand am Abend die Jugendfete \u201eMexican Night\u201c auf dem Festzelt statt.\nEin Motto, das seit vielen Jahren f\u00fcr einen regen Besuch in Haltern sorgt, so\nauch in diesem Jahr, denn es tanzten gut 430 Besucher zu den Kl\u00e4ngen des\nDJ-Teams Highlight, welches nicht zuletzt ebenfalls Ihren Beitrag zu den\nerfreulichen Einnahmen leistet. Die letzten Tanzw\u00fctigen hielt es sogar bis nach\n5:00 am Morgen in Haltern.<\/p>\n\n\n\n<p>Am\nDonnerstag, dem Himmelfahrtstag , fanden vormittags zun\u00e4chst kleinere\nUmbauarbeiten&nbsp; statt, ehe dann um 14:00\nUhr auf dem Festzelt angetreten wurde und man gemeinsam zum Hof H\u00fcsing\nmarschierte, wo der Oberst, die Vereinsfahne und die K\u00f6nige ausgeholt wurden.\nDem Durchz\u00e4hlen zur Folge waren mehr als 70 Sch\u00fctzenbr\u00fcder angetreten. Nach\neiner kurzen Ansprache von Oberst Markus May f\u00fchrte der Weg unter der\nmusikalischen Begleitung des Spielmanns- und Fanfarenzuges Kolping Metelen zum\nSchie\u00dfplatz am Hof Wolbert.<\/p>\n\n\n\n<p>Hier\nkonnte Vorsitzender Berning 2 Ehrungen vornehmen, denn zum einen bekam Hermann\nHuesmann f\u00fcr \u00fcber 20 j\u00e4hrige Vorstandsarbeit eine entsprechende Auszeichnung\nund zum anderen erhielt Werner Deitermann, der zusammen mit seiner Frau Maria\nvor 25 Jahren das K\u00f6nigspaar stellte, den Jubelorden. Sodann startete das\nK\u00f6nigsschie\u00dfen mit den Er\u00f6ffnungssch\u00fcssen von B\u00fcrgermeister Wenking und Pater\nDhaman. <\/p>\n\n\n\n<p>Schnell\nkristallisierten sich 3 Anw\u00e4rter auf die K\u00f6nigsw\u00fcrde heraus, welche sich\nschlussendlich Jonas Viefhues mit dem 87. Schuss sicherte. Zur K\u00f6nigin erkor er\nsich seine Freundin Stefanie Meiring. Diese hatte erfreulicherweise nun gen\u00fcgend\nZeit sich f\u00fcr den Aufmarsch und die Abendveranstaltung umzuziehen, den der\nVogel fiel bereits gegen ca. 16:00 Uhr, so fr\u00fch wie lang nicht mehr in Haltern.\nUm die Zeit bis zum Aufzug des neuen K\u00f6nigspaares zu \u00fcberbr\u00fccken, zogen auch in\ndiesem Jahr die Schie\u00dfmeister Olaf Gro\u00dfe-Kleimann und Sven Budde ein zweites\nh\u00f6lzernes Zielobjekt, diesmal in Form eines Sterns, in den Kugelfang der\nVogelstange, die nach 2016 nun schon zum 2. Mal vom Geschossfanganlagenverein\nSch\u00f6ppingen stammt. Hier durfte nun Jedermann seine Schie\u00dfk\u00fcnste trainieren,\nf\u00fcr die Treffsichersten gab es Freigetr\u00e4nke.<\/p>\n\n\n\n<p>Gegen\n18:30 Uhr wurde das neue K\u00f6nigspaar proklamiert und man zog zur\u00fcck zum\nFestzelt, wo sich um 20:00 Uhr die Polonaise anschloss, ehe dann die Band \u201eRoad\nDriver\u201c&nbsp; zum K\u00f6nigsball aufspielte. Gegen\n3:00 Uhr in der Fr\u00fch stimmten diese dann nach einem guten Programm ihr letztes\nLied an und da das Fest sich noch recht guten Besuchs erfreute, begleiteten\neinige das K\u00f6nigspaar auch noch nach Hause auf den elterlichen Hof des K\u00f6nigs.<\/p>\n\n\n\n<p>Am\nMorgen folgte bereits um 10:00 Uhr der Fr\u00fchschoppen, der traditionell immer von\nvielen Vereinsmitgliedern wahrgenommen wird, so geschehen auch an diesem Tag.\nUm 15:00 Uhr stand sodann auch schon das Kaffeetrinken auf dem Programm. Ein\nwillkommener Termin, auch f\u00fcr \u00e4ltere Vereinsmitglieder, sich in ruhiger\nAtmosph\u00e4re und bei leckerem Kaffee &amp; Kuchen zu unterhalten.<\/p>\n\n\n\n<p>Auch\ndieses Mal konnte Frank Berning wieder einige Blumenstr\u00e4u\u00dfe verschenken und\nzwar an Maria Deitermann als \u201esilberne\u201c Jubelk\u00f6nigin und an Elisabeth Wolbert,\ndie vor genau 50 Jahren mit ihrem bereits verstorbenen Mann Heinrich die K\u00f6nigsehre\ninne hatte, eine besondere Ehrung, die selten vorkommt.&nbsp; Au\u00dferdem erhielt Mathilde H\u00f6ing als \u00e4lteste\nAnwesende ein weiteres Blumenpr\u00e4sent.<\/p>\n\n\n\n<p>P\u00fcnktlich\num 20:00 erfolgte dann der 2. Ausmarsch des diesj\u00e4hrigen Sch\u00fctzenfestes. An\ndiesem Abend zog die Polonaise in Richtung Kapelle, ehe dann die Band \u201eChicken\nSkin\u201c den abendlichen Festakt begann. Zun\u00e4chst kamen die drei K\u00f6nigspaare beim\nEhrentanz auf Ihre Kosten, doch die ersten Gratulanten lie\u00dfen auch nicht lange\nauf sich warten. Es schickten sich wieder einmal viele G\u00e4ste an dem K\u00f6nigspaar\npers\u00f6nlich Ihre Gl\u00fcckw\u00fcnsche zu \u00fcberbringen.&nbsp;\n<\/p>\n\n\n\n<p>Die\nJunggesellen, zu denen Jonas auch z\u00e4hlt, \u00fcberbrachten passten zu dessen Beruf\neinen Kabelbaum aus Kupferleitungen. Der Stammtisch des K\u00f6nigs hatte eine\nPommesgabel f\u00fcr den \u201egro\u00dfen\u201c Hunger vorbereitet, denn die Miniatur-Ausf\u00fchrung\nhatte Jonas zuvor noch an der Vogelstange in \u201eNormalausf\u00fchrung\u201c unters Volk\ngebracht, wohl gemerkt aus Edelstahl und mit Vereinspr\u00e4gung. Auch der\nStammtisch von Steffi lie\u00df es sich nat\u00fcrlich nicht nehmen zum Thron zu marschieren,\nebenso die Arbeitskollegen sowie die Verwandschaften und Nachbarn beider Seiten.\nDie Clique des K\u00f6nigspaares brachte die nunmehr dritte Fahne aufs Zelt, mit\nihrer durchgehend pinken Farbe standesgem\u00e4\u00df entsprechend auff\u00e4llig. Nicht\nunerw\u00e4hnt nat\u00fcrlich auch das Vogelpr\u00e4sent f\u00fcrs kommende Neujahrschie\u00dfen in der\nheimatlichen Nachbarschaft des K\u00f6nigs. Besonders &nbsp;zu erw\u00e4hnen noch die Showeinlage des DJ-Teams\nHighlight, die Jonas auch tatkr\u00e4ftig unterst\u00fctzt. Sie brachten Konfetti, laute\nMusik und Nebel mit aufs Zelt, letzterer sorgte f\u00fcr eine leichte Dunstwolke am\nZelthimmel, den man sonst eigentlich nur aus Jahren kannte, in denen im Zelt\nnoch geraucht werden durfte.<\/p>\n\n\n\n<p>Da\nauch unsere Gastvereine aus Ostendorf, Dorf und der Alst wieder einmal\nzahlreich vertreten waren, fanden sich zu sp\u00e4ter Stunde noch mehr Feierwillige\nauf dem Zelt wieder als am ersten Abend. Somit stellte nicht nur die Band eine\nhalbe Stunde l\u00e4nger ihr musikalisches K\u00f6nnen unter Beweis, sondern auch der\nSch\u00fctzenzug setzte sich erst gegen 4:30 Uhr in Bewegung Richtung Heimat des\nK\u00f6nigspaares. Hier angekommen kam dann erstmals der mobile Vereinsgrill zum\nEinsatz, der kurzehand Bereifung, Gasversorgung und Beleuchtung vom\nVorsitzenden verpasst bekommen hatte. Prima geeignet im \u00dcbrigen auch um mit\npassenden Pfannen k\u00f6stliche Spiegeleier zuzubereiten. Dem nicht genug, denn\ngegen 7:00 Uhr setzte sich die Truppe, mittlerweile leicht dezimiert ein\nweiteres Mal in Bewegung, diesmal in Richtung Dorfladen um sich dort mit W\u00fcrstchen\nf\u00fcr den Grill zu versorgen und den Umsatz mit weiteren Eink\u00e4ufen die zu einem\nrustikalen Sch\u00fctzenfest-Fr\u00fchst\u00fcck geh\u00f6ren anzukurbeln.<\/p>\n\n\n\n<p>Am\nSamstag, dem letzten Tag des Sch\u00fctzenfestes traf sich der Verein zum internen\nFamiliennachmittag. F\u00fcr Kinder stand Spielzeug und eine H\u00fcpfburg bereit, die\nerfreulicherweise von der Volksbank gesponsort wurde. Die Frauen genossen in\ngeselliger Runde Kaffee und Kuchen und die M\u00e4nner marschierten zum\nR\u00fcbenk\u00f6nigschie\u00dfen. In diesem Jahr ergab sich ein langes Ringen, denn dem\nStyroporvogel hatte man eine au\u00dfergew\u00f6hnliche Gr\u00f6\u00dfe zugelegt, sicherlich das\nErgebnis eine feucht-fr\u00f6hlichen Abends der Junggesellen, die gewohnheitsgem\u00e4\u00df\nim Vorfeld in Kooperation mit dem noch amtierenden R\u00fcbenk\u00f6nig den Vogel bauen.\nDie K\u00f6nigsehre erschoss sich in diesem Jahr Hermann Huesmann, zur R\u00fcbenk\u00f6nigin\nerkor er sich Johanna Gerwing. Auch dieser Abend, wie sollte es anders sein, ging\nbis sp\u00e4t in die Nacht, ehe dann das diesj\u00e4hrige Sch\u00fctzenfest in Haltern mit dem\n\u201enach Hause bringen\u201c des R\u00fcbenk\u00f6nigs zu Ende ging.<\/p>\n\n\n\n<p>Unterm\nStrich wieder einmal ein sehr gelungenes Fest, mit tollen K\u00f6nigspaaren,\nabgestimmter Organisation, positiver Stimmung, nicht zuletzt Dank\nprofessioneller Musikbands und ebenso tollen Wetterbedingungen. <\/p>\n\n\n\n<p> <\/p>\n","protected":false},"excerpt":{"rendered":"<p>Festverlauf Sch\u00fctzenfest Haltern 2018 Zu Beginn des Sch\u00fctzenfestes 2018 standen zun\u00e4chst wie immer die Aufbau- und Aufr\u00e4umarbeiten an Fest- und Schie\u00dfplatz im Vordergrund. Begleitet von gutem Wetter und der Situation, dass das Zelt in diesem Jahr erfreulicherweise schon am Anfang der Sch\u00fctzenfestwoche aufgebaut war, gingen die Vorbereitungen z\u00fcgig voran, so dass man sich am Mittwoch, &hellip; <\/p>\n<p class=\"link-more\"><a href=\"http:\/\/leer-haltern.de\/?page_id=117\" class=\"more-link\"><span class=\"screen-reader-text\">\u201eSch\u00fctzenfest 2018\u201c <\/span>weiterlesen<\/a><\/p>\n","protected":false},"author":1,"featured_media":0,"parent":0,"menu_order":0,"comment_status":"closed","ping_status":"closed","template":"","meta":{"footnotes":""},"class_list":["post-117","page","type-page","status-publish","hentry"],"jetpack_sharing_enabled":true,"_links":{"self":[{"href":"http:\/\/leer-haltern.de\/index.php?rest_route=\/wp\/v2\/pages\/117","targetHints":{"allow":["GET"]}}],"collection":[{"href":"http:\/\/leer-haltern.de\/index.php?rest_route=\/wp\/v2\/pages"}],"about":[{"href":"http:\/\/leer-haltern.de\/index.php?rest_route=\/wp\/v2\/types\/page"}],"author":[{"embeddable":true,"href":"http:\/\/leer-haltern.de\/index.php?rest_route=\/wp\/v2\/users\/1"}],"replies":[{"embeddable":true,"href":"http:\/\/leer-haltern.de\/index.php?rest_route=%2Fwp%2Fv2%2Fcomments&post=117"}],"version-history":[{"count":5,"href":"http:\/\/leer-haltern.de\/index.php?rest_route=\/wp\/v2\/pages\/117\/revisions"}],"predecessor-version":[{"id":207,"href":"http:\/\/leer-haltern.de\/index.php?rest_route=\/wp\/v2\/pages\/117\/revisions\/207"}],"wp:attachment":[{"href":"http:\/\/leer-haltern.de\/index.php?rest_route=%2Fwp%2Fv2%2Fmedia&parent=117"}],"curies":[{"name":"wp","href":"https:\/\/api.w.org\/{rel}","templated":true}]}}