{"id":15,"date":"2019-10-04T18:05:50","date_gmt":"2019-10-04T18:05:50","guid":{"rendered":"http:\/\/leer-haltern.de\/?page_id=15"},"modified":"2024-06-14T13:38:11","modified_gmt":"2024-06-14T13:38:11","slug":"home","status":"publish","type":"page","link":"http:\/\/leer-haltern.de\/","title":{"rendered":"Home"},"content":{"rendered":"\n<p>Herzlich Willkommen beim Sch\u00fctzenverein Leer-Haltern 1609 e.V.<\/p>\n\n\n\n<p>Sie finden hier vielf\u00e4ltige Informationen rund um den Verein, seine Geschichte und das aktuelle Vereinsleben. Nat\u00fcrlich sind alle Mitglieder herzlich eingeladen, an der Gestaltung mitzuwirken.<\/p>\n\n\n\n<figure class=\"wp-block-image size-large\"><img loading=\"lazy\" decoding=\"async\" width=\"1024\" height=\"682\" src=\"http:\/\/leer-haltern.de\/wp-content\/uploads\/2024\/05\/Vorstand-2024-1024x682.jpg\" alt=\"\" class=\"wp-image-396\" srcset=\"http:\/\/leer-haltern.de\/wp-content\/uploads\/2024\/05\/Vorstand-2024-1024x682.jpg 1024w, http:\/\/leer-haltern.de\/wp-content\/uploads\/2024\/05\/Vorstand-2024-300x200.jpg 300w, http:\/\/leer-haltern.de\/wp-content\/uploads\/2024\/05\/Vorstand-2024-768x512.jpg 768w, http:\/\/leer-haltern.de\/wp-content\/uploads\/2024\/05\/Vorstand-2024-1536x1023.jpg 1536w, http:\/\/leer-haltern.de\/wp-content\/uploads\/2024\/05\/Vorstand-2024.jpg 1600w\" sizes=\"auto, (max-width: 767px) 89vw, (max-width: 1000px) 54vw, (max-width: 1071px) 543px, 580px\" \/><\/figure>\n\n\n\n<figure class=\"wp-block-image size-full\"><img loading=\"lazy\" decoding=\"async\" width=\"225\" height=\"96\" src=\"http:\/\/leer-haltern.de\/wp-content\/uploads\/2024\/05\/Kampling_Logo-1.png\" alt=\"\" class=\"wp-image-381\"\/><\/figure>\n\n\n\n<p>Auch in 2024 wurden wir wieder unterst\u00fctzt durch die Kampling Musikagentur GmbH.<\/p>\n\n\n\n<p>Danke f\u00fcr die gute Zusammenarbeit.<\/p>\n\n\n\n<p class=\"has-text-align-justify\">Anschrift:<\/p>\n\n\n\n<p>Kampling Musikagentur GmbH<\/p>\n\n\n\n<p>Kanalstra\u00dfe 89<\/p>\n\n\n\n<p>D-48477 H\u00f6rstel<\/p>\n\n\n\n<p>Telefon: +49 (0)172-5309102<\/p>\n\n\n\n<p><a href=\"https:\/\/www.kampling-musikagentur.de\">www.musikagentur-kampling.de<\/a><\/p>\n\n\n\n<p><\/p>\n","protected":false},"excerpt":{"rendered":"<p>Herzlich Willkommen beim Sch\u00fctzenverein Leer-Haltern 1609 e.V. Sie finden hier vielf\u00e4ltige Informationen rund um den Verein, seine Geschichte und das aktuelle Vereinsleben. Nat\u00fcrlich sind alle Mitglieder herzlich eingeladen, an der Gestaltung mitzuwirken. Auch in 2024 wurden wir wieder unterst\u00fctzt durch die Kampling Musikagentur GmbH. Danke f\u00fcr die gute Zusammenarbeit. Anschrift: Kampling Musikagentur GmbH Kanalstra\u00dfe 89 &hellip; <\/p>\n<p class=\"link-more\"><a href=\"http:\/\/leer-haltern.de\/\" class=\"more-link\"><span class=\"screen-reader-text\">\u201eHome\u201c <\/span>weiterlesen<\/a><\/p>\n","protected":false},"author":1,"featured_media":0,"parent":0,"menu_order":0,"comment_status":"closed","ping_status":"closed","template":"","meta":{"footnotes":""},"class_list":["post-15","page","type-page","status-publish","hentry"],"jetpack_sharing_enabled":true,"_links":{"self":[{"href":"http:\/\/leer-haltern.de\/index.php?rest_route=\/wp\/v2\/pages\/15","targetHints":{"allow":["GET"]}}],"collection":[{"href":"http:\/\/leer-haltern.de\/index.php?rest_route=\/wp\/v2\/pages"}],"about":[{"href":"http:\/\/leer-haltern.de\/index.php?rest_route=\/wp\/v2\/types\/page"}],"author":[{"embeddable":true,"href":"http:\/\/leer-haltern.de\/index.php?rest_route=\/wp\/v2\/users\/1"}],"replies":[{"embeddable":true,"href":"http:\/\/leer-haltern.de\/index.php?rest_route=%2Fwp%2Fv2%2Fcomments&post=15"}],"version-history":[{"count":16,"href":"http:\/\/leer-haltern.de\/index.php?rest_route=\/wp\/v2\/pages\/15\/revisions"}],"predecessor-version":[{"id":418,"href":"http:\/\/leer-haltern.de\/index.php?rest_route=\/wp\/v2\/pages\/15\/revisions\/418"}],"wp:attachment":[{"href":"http:\/\/leer-haltern.de\/index.php?rest_route=%2Fwp%2Fv2%2Fmedia&parent=15"}],"curies":[{"name":"wp","href":"https:\/\/api.w.org\/{rel}","templated":true}]}}