{"id":18,"date":"2019-10-04T18:10:29","date_gmt":"2019-10-04T18:10:29","guid":{"rendered":"http:\/\/leer-haltern.de\/?page_id=18"},"modified":"2024-06-14T15:55:14","modified_gmt":"2024-06-14T15:55:14","slug":"schuetzenfest","status":"publish","type":"page","link":"http:\/\/leer-haltern.de\/?page_id=18","title":{"rendered":"Sch\u00fctzenfest"},"content":{"rendered":"\n<h2 class=\"wp-block-heading\"><strong>Sch\u00fctzenfest<\/strong> <strong>2024<\/strong><\/h2>\n\n\n\n<p>Der Sch\u00fctzenverein Leer-Haltern hat sein Sch\u00fctzenfest vom 08.05.2020- 11.05.2024 gefeiert.<\/p>\n\n\n\n<p>Festablauf:<\/p>\n\n\n\n<figure class=\"wp-block-table\"><table><tbody><tr><td>08.05.2024<\/td><td>Jugendball auf dem Festzelt Beginn 21:00<\/td><\/tr><tr><td>09.05.2024<\/td><td>Antreten mit anschlie\u00dfendem K\u00f6nigsschie\u00dfen 14:00<\/td><\/tr><tr><td>09.05.2024<\/td><td>K\u00f6nigsball auf dem Festzelt 20:00<\/td><\/tr><tr><td>10.05.2024<\/td><td>Fr\u00fchschoppen 10:00<\/td><\/tr><tr><td>10.05.2024<\/td><td>Kaffeetrinken 15:00<\/td><\/tr><tr><td>10.05.2024<\/td><td>K\u00f6nigsball mit Gastvereinen auf dem Festzelt 20:00<\/td><\/tr><tr><td>11.05.2024<\/td><td>Familientag mit R\u00fcbenk\u00f6nigschie\u00dfen 14:00<\/td><\/tr><tr><td><\/td><td><\/td><\/tr><tr><td><\/td><td><\/td><\/tr><tr><td><\/td><td><\/td><\/tr><\/tbody><\/table><\/figure>\n\n\n\n<p>Das n\u00e4chste Sch\u00fctzenfest findet vom 14.05.2026 bis zum 16.05.2026 statt.<\/p>\n","protected":false},"excerpt":{"rendered":"<p>Sch\u00fctzenfest 2024 Der Sch\u00fctzenverein Leer-Haltern hat sein Sch\u00fctzenfest vom 08.05.2020- 11.05.2024 gefeiert. Festablauf: 08.05.2024 Jugendball auf dem Festzelt Beginn 21:00 09.05.2024 Antreten mit anschlie\u00dfendem K\u00f6nigsschie\u00dfen 14:00 09.05.2024 K\u00f6nigsball auf dem Festzelt 20:00 10.05.2024 Fr\u00fchschoppen 10:00 10.05.2024 Kaffeetrinken 15:00 10.05.2024 K\u00f6nigsball mit Gastvereinen auf dem Festzelt 20:00 11.05.2024 Familientag mit R\u00fcbenk\u00f6nigschie\u00dfen 14:00 Das n\u00e4chste Sch\u00fctzenfest findet &hellip; <\/p>\n<p class=\"link-more\"><a href=\"http:\/\/leer-haltern.de\/?page_id=18\" class=\"more-link\"><span class=\"screen-reader-text\">\u201eSch\u00fctzenfest\u201c <\/span>weiterlesen<\/a><\/p>\n","protected":false},"author":1,"featured_media":0,"parent":0,"menu_order":0,"comment_status":"closed","ping_status":"closed","template":"","meta":{"footnotes":""},"class_list":["post-18","page","type-page","status-publish","hentry"],"jetpack_sharing_enabled":true,"_links":{"self":[{"href":"http:\/\/leer-haltern.de\/index.php?rest_route=\/wp\/v2\/pages\/18","targetHints":{"allow":["GET"]}}],"collection":[{"href":"http:\/\/leer-haltern.de\/index.php?rest_route=\/wp\/v2\/pages"}],"about":[{"href":"http:\/\/leer-haltern.de\/index.php?rest_route=\/wp\/v2\/types\/page"}],"author":[{"embeddable":true,"href":"http:\/\/leer-haltern.de\/index.php?rest_route=\/wp\/v2\/users\/1"}],"replies":[{"embeddable":true,"href":"http:\/\/leer-haltern.de\/index.php?rest_route=%2Fwp%2Fv2%2Fcomments&post=18"}],"version-history":[{"count":6,"href":"http:\/\/leer-haltern.de\/index.php?rest_route=\/wp\/v2\/pages\/18\/revisions"}],"predecessor-version":[{"id":422,"href":"http:\/\/leer-haltern.de\/index.php?rest_route=\/wp\/v2\/pages\/18\/revisions\/422"}],"wp:attachment":[{"href":"http:\/\/leer-haltern.de\/index.php?rest_route=%2Fwp%2Fv2%2Fmedia&parent=18"}],"curies":[{"name":"wp","href":"https:\/\/api.w.org\/{rel}","templated":true}]}}