{"id":246,"date":"2021-04-06T10:22:26","date_gmt":"2021-04-06T10:22:26","guid":{"rendered":"http:\/\/leer-haltern.de\/?page_id=246"},"modified":"2021-05-15T06:47:31","modified_gmt":"2021-05-15T06:47:31","slug":"schnappschuss","status":"publish","type":"page","link":"http:\/\/leer-haltern.de\/?page_id=246","title":{"rendered":"Schnappschuss 2021"},"content":{"rendered":"\n<p>Wer soll Kindersch\u00fctzenk\u00f6nig oder Kindersch\u00fctzenk\u00f6nigin 2021 werden.<\/p>\n\n\n\n<p>Stimmt ab per Kontaktformular. Jeder Absender hat nur eine Stimme.<\/p>\n\n\n\n<p>Die Abstimmung l\u00e4uft bis zum <strong>13.05.2021<\/strong><\/p>\n\n\n\n<p><\/p>\n\n\n\n<figure class=\"wp-block-gallery columns-1 is-cropped wp-block-gallery-1 is-layout-flex wp-block-gallery-is-layout-flex\"><ul class=\"blocks-gallery-grid\"><li class=\"blocks-gallery-item\"><figure><img loading=\"lazy\" decoding=\"async\" width=\"768\" height=\"1024\" src=\"http:\/\/leer-haltern.de\/wp-content\/uploads\/2021\/05\/Bastian-1-768x1024.jpg\" alt=\"\" data-id=\"266\" data-full-url=\"http:\/\/leer-haltern.de\/wp-content\/uploads\/2021\/05\/Bastian-1-scaled.jpg\" data-link=\"http:\/\/leer-haltern.de\/?attachment_id=266\" class=\"wp-image-266\" srcset=\"http:\/\/leer-haltern.de\/wp-content\/uploads\/2021\/05\/Bastian-1-768x1024.jpg 768w, http:\/\/leer-haltern.de\/wp-content\/uploads\/2021\/05\/Bastian-1-225x300.jpg 225w, http:\/\/leer-haltern.de\/wp-content\/uploads\/2021\/05\/Bastian-1-1152x1536.jpg 1152w, http:\/\/leer-haltern.de\/wp-content\/uploads\/2021\/05\/Bastian-1-1536x2048.jpg 1536w, http:\/\/leer-haltern.de\/wp-content\/uploads\/2021\/05\/Bastian-1-scaled.jpg 1920w\" sizes=\"auto, (max-width: 767px) 89vw, (max-width: 1000px) 54vw, (max-width: 1071px) 543px, 580px\" \/><figcaption class=\"blocks-gallery-item__caption\">Bastian<\/figcaption><\/figure><\/li><li class=\"blocks-gallery-item\"><figure><img loading=\"lazy\" decoding=\"async\" width=\"1024\" height=\"683\" src=\"http:\/\/leer-haltern.de\/wp-content\/uploads\/2021\/05\/Benedikt-1024x683.jpg\" alt=\"\" data-id=\"268\" data-full-url=\"http:\/\/leer-haltern.de\/wp-content\/uploads\/2021\/05\/Benedikt-scaled.jpg\" data-link=\"http:\/\/leer-haltern.de\/?attachment_id=268\" class=\"wp-image-268\" srcset=\"http:\/\/leer-haltern.de\/wp-content\/uploads\/2021\/05\/Benedikt-1024x683.jpg 1024w, http:\/\/leer-haltern.de\/wp-content\/uploads\/2021\/05\/Benedikt-300x200.jpg 300w, http:\/\/leer-haltern.de\/wp-content\/uploads\/2021\/05\/Benedikt-768x512.jpg 768w, http:\/\/leer-haltern.de\/wp-content\/uploads\/2021\/05\/Benedikt-1536x1024.jpg 1536w, http:\/\/leer-haltern.de\/wp-content\/uploads\/2021\/05\/Benedikt-2048x1365.jpg 2048w\" sizes=\"auto, (max-width: 767px) 89vw, (max-width: 1000px) 54vw, (max-width: 1071px) 543px, 580px\" \/><figcaption class=\"blocks-gallery-item__caption\">Benedikt<\/figcaption><\/figure><\/li><li class=\"blocks-gallery-item\"><figure><img loading=\"lazy\" decoding=\"async\" width=\"1024\" height=\"1024\" src=\"http:\/\/leer-haltern.de\/wp-content\/uploads\/2021\/05\/Felix-1024x1024.jpg\" alt=\"\" data-id=\"269\" data-full-url=\"http:\/\/leer-haltern.de\/wp-content\/uploads\/2021\/05\/Felix.jpg\" data-link=\"http:\/\/leer-haltern.de\/?attachment_id=269\" class=\"wp-image-269\" srcset=\"http:\/\/leer-haltern.de\/wp-content\/uploads\/2021\/05\/Felix-1024x1024.jpg 1024w, http:\/\/leer-haltern.de\/wp-content\/uploads\/2021\/05\/Felix-300x300.jpg 300w, http:\/\/leer-haltern.de\/wp-content\/uploads\/2021\/05\/Felix-150x150.jpg 150w, http:\/\/leer-haltern.de\/wp-content\/uploads\/2021\/05\/Felix-768x768.jpg 768w, http:\/\/leer-haltern.de\/wp-content\/uploads\/2021\/05\/Felix-1536x1536.jpg 1536w, http:\/\/leer-haltern.de\/wp-content\/uploads\/2021\/05\/Felix-100x100.jpg 100w, http:\/\/leer-haltern.de\/wp-content\/uploads\/2021\/05\/Felix.jpg 1921w\" sizes=\"auto, (max-width: 767px) 89vw, (max-width: 1000px) 54vw, (max-width: 1071px) 543px, 580px\" \/><figcaption class=\"blocks-gallery-item__caption\">Felix<\/figcaption><\/figure><\/li><li class=\"blocks-gallery-item\"><figure><img loading=\"lazy\" decoding=\"async\" width=\"768\" height=\"1024\" src=\"http:\/\/leer-haltern.de\/wp-content\/uploads\/2021\/05\/Jan-768x1024.jpg\" alt=\"\" data-id=\"270\" data-full-url=\"http:\/\/leer-haltern.de\/wp-content\/uploads\/2021\/05\/Jan-scaled.jpg\" data-link=\"http:\/\/leer-haltern.de\/?attachment_id=270\" class=\"wp-image-270\" srcset=\"http:\/\/leer-haltern.de\/wp-content\/uploads\/2021\/05\/Jan-768x1024.jpg 768w, http:\/\/leer-haltern.de\/wp-content\/uploads\/2021\/05\/Jan-225x300.jpg 225w, http:\/\/leer-haltern.de\/wp-content\/uploads\/2021\/05\/Jan-1152x1536.jpg 1152w, http:\/\/leer-haltern.de\/wp-content\/uploads\/2021\/05\/Jan-1536x2048.jpg 1536w, http:\/\/leer-haltern.de\/wp-content\/uploads\/2021\/05\/Jan-scaled.jpg 1920w\" sizes=\"auto, (max-width: 767px) 89vw, (max-width: 1000px) 54vw, (max-width: 1071px) 543px, 580px\" \/><figcaption class=\"blocks-gallery-item__caption\">Jan<\/figcaption><\/figure><\/li><li class=\"blocks-gallery-item\"><figure><img loading=\"lazy\" decoding=\"async\" width=\"768\" height=\"1024\" src=\"http:\/\/leer-haltern.de\/wp-content\/uploads\/2021\/05\/Jannik-768x1024.jpg\" alt=\"\" data-id=\"271\" data-full-url=\"http:\/\/leer-haltern.de\/wp-content\/uploads\/2021\/05\/Jannik-scaled.jpg\" data-link=\"http:\/\/leer-haltern.de\/?attachment_id=271\" class=\"wp-image-271\" srcset=\"http:\/\/leer-haltern.de\/wp-content\/uploads\/2021\/05\/Jannik-768x1024.jpg 768w, http:\/\/leer-haltern.de\/wp-content\/uploads\/2021\/05\/Jannik-225x300.jpg 225w, http:\/\/leer-haltern.de\/wp-content\/uploads\/2021\/05\/Jannik-1152x1536.jpg 1152w, http:\/\/leer-haltern.de\/wp-content\/uploads\/2021\/05\/Jannik-1536x2048.jpg 1536w, http:\/\/leer-haltern.de\/wp-content\/uploads\/2021\/05\/Jannik-scaled.jpg 1920w\" sizes=\"auto, (max-width: 767px) 89vw, (max-width: 1000px) 54vw, (max-width: 1071px) 543px, 580px\" \/><figcaption class=\"blocks-gallery-item__caption\">Jannik<\/figcaption><\/figure><\/li><li class=\"blocks-gallery-item\"><figure><img loading=\"lazy\" decoding=\"async\" width=\"709\" height=\"1024\" src=\"http:\/\/leer-haltern.de\/wp-content\/uploads\/2021\/05\/Jette-709x1024.jpg\" alt=\"\" data-id=\"272\" data-full-url=\"http:\/\/leer-haltern.de\/wp-content\/uploads\/2021\/05\/Jette.jpg\" data-link=\"http:\/\/leer-haltern.de\/?attachment_id=272\" class=\"wp-image-272\" srcset=\"http:\/\/leer-haltern.de\/wp-content\/uploads\/2021\/05\/Jette-709x1024.jpg 709w, http:\/\/leer-haltern.de\/wp-content\/uploads\/2021\/05\/Jette-208x300.jpg 208w, http:\/\/leer-haltern.de\/wp-content\/uploads\/2021\/05\/Jette.jpg 720w\" sizes=\"auto, (max-width: 709px) 100vw, 709px\" \/><figcaption class=\"blocks-gallery-item__caption\">Jette<\/figcaption><\/figure><\/li><li class=\"blocks-gallery-item\"><figure><img loading=\"lazy\" decoding=\"async\" width=\"768\" height=\"1024\" src=\"http:\/\/leer-haltern.de\/wp-content\/uploads\/2021\/05\/Laura-und-Mats-768x1024.jpg\" alt=\"\" data-id=\"273\" data-full-url=\"http:\/\/leer-haltern.de\/wp-content\/uploads\/2021\/05\/Laura-und-Mats.jpg\" data-link=\"http:\/\/leer-haltern.de\/?attachment_id=273\" class=\"wp-image-273\" srcset=\"http:\/\/leer-haltern.de\/wp-content\/uploads\/2021\/05\/Laura-und-Mats-768x1024.jpg 768w, http:\/\/leer-haltern.de\/wp-content\/uploads\/2021\/05\/Laura-und-Mats-225x300.jpg 225w, http:\/\/leer-haltern.de\/wp-content\/uploads\/2021\/05\/Laura-und-Mats-1152x1536.jpg 1152w, http:\/\/leer-haltern.de\/wp-content\/uploads\/2021\/05\/Laura-und-Mats.jpg 1200w\" sizes=\"auto, (max-width: 767px) 89vw, (max-width: 1000px) 54vw, (max-width: 1071px) 543px, 580px\" \/><figcaption class=\"blocks-gallery-item__caption\">Mats und Laura<\/figcaption><\/figure><\/li><li class=\"blocks-gallery-item\"><figure><img loading=\"lazy\" decoding=\"async\" width=\"709\" height=\"1024\" src=\"http:\/\/leer-haltern.de\/wp-content\/uploads\/2021\/05\/Lilly-709x1024.jpg\" alt=\"\" data-id=\"274\" data-full-url=\"http:\/\/leer-haltern.de\/wp-content\/uploads\/2021\/05\/Lilly.jpg\" data-link=\"http:\/\/leer-haltern.de\/?attachment_id=274\" class=\"wp-image-274\" srcset=\"http:\/\/leer-haltern.de\/wp-content\/uploads\/2021\/05\/Lilly-709x1024.jpg 709w, http:\/\/leer-haltern.de\/wp-content\/uploads\/2021\/05\/Lilly-208x300.jpg 208w, http:\/\/leer-haltern.de\/wp-content\/uploads\/2021\/05\/Lilly.jpg 720w\" sizes=\"auto, (max-width: 709px) 100vw, 709px\" \/><figcaption class=\"blocks-gallery-item__caption\">Lilly<\/figcaption><\/figure><\/li><li class=\"blocks-gallery-item\"><figure><img loading=\"lazy\" decoding=\"async\" width=\"632\" height=\"1024\" src=\"http:\/\/leer-haltern.de\/wp-content\/uploads\/2021\/05\/Lutz-und-Pauline-632x1024.jpg\" alt=\"\" data-id=\"275\" data-full-url=\"http:\/\/leer-haltern.de\/wp-content\/uploads\/2021\/05\/Lutz-und-Pauline.jpg\" data-link=\"http:\/\/leer-haltern.de\/?attachment_id=275\" class=\"wp-image-275\" srcset=\"http:\/\/leer-haltern.de\/wp-content\/uploads\/2021\/05\/Lutz-und-Pauline-632x1024.jpg 632w, http:\/\/leer-haltern.de\/wp-content\/uploads\/2021\/05\/Lutz-und-Pauline-185x300.jpg 185w, http:\/\/leer-haltern.de\/wp-content\/uploads\/2021\/05\/Lutz-und-Pauline-768x1245.jpg 768w, http:\/\/leer-haltern.de\/wp-content\/uploads\/2021\/05\/Lutz-und-Pauline.jpg 900w\" sizes=\"auto, (max-width: 632px) 100vw, 632px\" \/><figcaption class=\"blocks-gallery-item__caption\">Pauline und Lutz<\/figcaption><\/figure><\/li><li class=\"blocks-gallery-item\"><figure><img loading=\"lazy\" decoding=\"async\" width=\"768\" height=\"1024\" src=\"http:\/\/leer-haltern.de\/wp-content\/uploads\/2021\/05\/Maria-und-Jonathan-768x1024.jpg\" alt=\"\" data-id=\"276\" data-full-url=\"http:\/\/leer-haltern.de\/wp-content\/uploads\/2021\/05\/Maria-und-Jonathan-scaled.jpg\" data-link=\"http:\/\/leer-haltern.de\/?attachment_id=276\" class=\"wp-image-276\" srcset=\"http:\/\/leer-haltern.de\/wp-content\/uploads\/2021\/05\/Maria-und-Jonathan-768x1024.jpg 768w, http:\/\/leer-haltern.de\/wp-content\/uploads\/2021\/05\/Maria-und-Jonathan-225x300.jpg 225w, http:\/\/leer-haltern.de\/wp-content\/uploads\/2021\/05\/Maria-und-Jonathan-1152x1536.jpg 1152w, http:\/\/leer-haltern.de\/wp-content\/uploads\/2021\/05\/Maria-und-Jonathan-1536x2048.jpg 1536w, http:\/\/leer-haltern.de\/wp-content\/uploads\/2021\/05\/Maria-und-Jonathan-scaled.jpg 1920w\" sizes=\"auto, (max-width: 767px) 89vw, (max-width: 1000px) 54vw, (max-width: 1071px) 543px, 580px\" \/><figcaption class=\"blocks-gallery-item__caption\">Jonathan und Maria<\/figcaption><\/figure><\/li><li class=\"blocks-gallery-item\"><figure><img loading=\"lazy\" decoding=\"async\" width=\"1024\" height=\"1024\" src=\"http:\/\/leer-haltern.de\/wp-content\/uploads\/2021\/05\/Rieke-1024x1024.jpg\" alt=\"\" data-id=\"277\" data-full-url=\"http:\/\/leer-haltern.de\/wp-content\/uploads\/2021\/05\/Rieke.jpg\" data-link=\"http:\/\/leer-haltern.de\/?attachment_id=277\" class=\"wp-image-277\" srcset=\"http:\/\/leer-haltern.de\/wp-content\/uploads\/2021\/05\/Rieke-1024x1024.jpg 1024w, http:\/\/leer-haltern.de\/wp-content\/uploads\/2021\/05\/Rieke-300x300.jpg 300w, http:\/\/leer-haltern.de\/wp-content\/uploads\/2021\/05\/Rieke-150x150.jpg 150w, http:\/\/leer-haltern.de\/wp-content\/uploads\/2021\/05\/Rieke-768x768.jpg 768w, http:\/\/leer-haltern.de\/wp-content\/uploads\/2021\/05\/Rieke-100x100.jpg 100w, http:\/\/leer-haltern.de\/wp-content\/uploads\/2021\/05\/Rieke.jpg 1528w\" sizes=\"auto, (max-width: 767px) 89vw, (max-width: 1000px) 54vw, (max-width: 1071px) 543px, 580px\" \/><figcaption class=\"blocks-gallery-item__caption\">Rieke<\/figcaption><\/figure><\/li><li class=\"blocks-gallery-item\"><figure><img loading=\"lazy\" decoding=\"async\" width=\"720\" height=\"720\" src=\"http:\/\/leer-haltern.de\/wp-content\/uploads\/2021\/05\/Ronja.jpg\" alt=\"\" data-id=\"278\" data-full-url=\"http:\/\/leer-haltern.de\/wp-content\/uploads\/2021\/05\/Ronja.jpg\" data-link=\"http:\/\/leer-haltern.de\/?attachment_id=278\" class=\"wp-image-278\" srcset=\"http:\/\/leer-haltern.de\/wp-content\/uploads\/2021\/05\/Ronja.jpg 720w, http:\/\/leer-haltern.de\/wp-content\/uploads\/2021\/05\/Ronja-300x300.jpg 300w, http:\/\/leer-haltern.de\/wp-content\/uploads\/2021\/05\/Ronja-150x150.jpg 150w, http:\/\/leer-haltern.de\/wp-content\/uploads\/2021\/05\/Ronja-100x100.jpg 100w\" sizes=\"auto, (max-width: 720px) 100vw, 720px\" \/><figcaption class=\"blocks-gallery-item__caption\">Ronja<\/figcaption><\/figure><\/li><\/ul><\/figure>\n\n\n\n<p><\/p>\n","protected":false},"excerpt":{"rendered":"<p>Wer soll Kindersch\u00fctzenk\u00f6nig oder Kindersch\u00fctzenk\u00f6nigin 2021 werden. Stimmt ab per Kontaktformular. Jeder Absender hat nur eine Stimme. Die Abstimmung l\u00e4uft bis zum 13.05.2021<\/p>\n","protected":false},"author":1,"featured_media":0,"parent":0,"menu_order":0,"comment_status":"closed","ping_status":"closed","template":"","meta":{"footnotes":""},"class_list":["post-246","page","type-page","status-publish","hentry"],"jetpack_sharing_enabled":true,"_links":{"self":[{"href":"http:\/\/leer-haltern.de\/index.php?rest_route=\/wp\/v2\/pages\/246","targetHints":{"allow":["GET"]}}],"collection":[{"href":"http:\/\/leer-haltern.de\/index.php?rest_route=\/wp\/v2\/pages"}],"about":[{"href":"http:\/\/leer-haltern.de\/index.php?rest_route=\/wp\/v2\/types\/page"}],"author":[{"embeddable":true,"href":"http:\/\/leer-haltern.de\/index.php?rest_route=\/wp\/v2\/users\/1"}],"replies":[{"embeddable":true,"href":"http:\/\/leer-haltern.de\/index.php?rest_route=%2Fwp%2Fv2%2Fcomments&post=246"}],"version-history":[{"count":16,"href":"http:\/\/leer-haltern.de\/index.php?rest_route=\/wp\/v2\/pages\/246\/revisions"}],"predecessor-version":[{"id":291,"href":"http:\/\/leer-haltern.de\/index.php?rest_route=\/wp\/v2\/pages\/246\/revisions\/291"}],"wp:attachment":[{"href":"http:\/\/leer-haltern.de\/index.php?rest_route=%2Fwp%2Fv2%2Fmedia&parent=246"}],"curies":[{"name":"wp","href":"https:\/\/api.w.org\/{rel}","templated":true}]}}