{"id":358,"date":"2024-05-13T20:07:55","date_gmt":"2024-05-13T20:07:55","guid":{"rendered":"http:\/\/leer-haltern.de\/?page_id=358"},"modified":"2024-06-28T19:19:46","modified_gmt":"2024-06-28T19:19:46","slug":"schuetzenfest-2024","status":"publish","type":"page","link":"http:\/\/leer-haltern.de\/?page_id=358","title":{"rendered":"Sch\u00fctzenfest 2024"},"content":{"rendered":"\n<p>Maik Huesmann neuer K\u00f6nig der Halterner<\/p>\n\n\n\n<p>Der Sch\u00fctzenverein Leer-Haltern hat ein neues K\u00f6nigspaar. Mit dem 168. Schuss holte Maik Huesmann den Rest des Vogels von der Stange. Zum K\u00f6nigsgemahl erkor er sich Marvin Albersmann. Damit endete die zweij\u00e4hrige Regentschaft von Olaf Gro\u00dfe-Kleimann und seiner Lebensgef\u00e4hrtin Claudia Brosig. Das Sch\u00fctzenfest begann mit einem gemeinsamen Gottesdienst in Ss. Cosmas und Damian und der anschlie\u00dfenden Kranzniederlegung am Kriegerehrenmal. Bei der &#8222;Mexican Night&#8220; mit dem DJ Team &#8222;Flash&#8220; im Festzelt am Hofe H\u00fcsing kam die Jugend auf ihre Kosten.<\/p>\n\n\n\n<p>Vereinsvorsitzender Frank Berning freute sich, dass zum Antreten f\u00fcr das K\u00f6nigsschie\u00dfen mehr als 80 Sch\u00fctzen, darunter viele Junggesellen, angetreten waren. Sie hatten diesen Termin herbeigesehnt, denn die Halterner feiern nur alle zwei Jahre. Das Vogelschie\u00dfen begann unter der Leitung der Schie\u00dfmeister Sven Kirst und Sven Budde mit einem Schuss von B\u00fcrgermeister Robert Wenking auf das h\u00f6lzerne Vogelvieh. Kassierer Chris Gro\u00dfe Kleimann zahlte dem neuen Regenten Maik Huesmann das traditionelle K\u00f6nigsgeld aus. Der Spielmanns- und Fanfarenzug Kolping Metelen sorgte auf dem Festplatz f\u00fcr die notwendige Sch\u00fctzenfestatmosph\u00e4re und begleitete die Sch\u00fctzen auch bei der Polonaise am Donnerstag- und Freitagabend.<\/p>\n\n\n\n<p>Beim K\u00f6nigsball mit der &#8222;X.O. Band&#8220; herrschte an beiden Abenden eine Bombenstimmung im Festzelt. Traditionell nahmen am Freitagabend auch die \u00f6rtlichen Sch\u00fctzenvereine Dorf, Ostendorf und Alst am K\u00f6nigsball teil. Am Freitag traf man sich zum Fr\u00fchschoppen auf dem Festzelt. Beim Kaffeetrinken war insbesondere die \u00e4ltere Generation vertreten. Am Samstag stand der Familiennachmittag mit R\u00fcbenk\u00f6nigschie\u00dfen auf dem Programm.<\/p>\n\n\n\n<p>Text und Foto: Franz Neugebauer<\/p>\n\n\n\n<div class=\"wp-block-jetpack-slideshow aligncenter\" data-effect=\"slide\"><div class=\"wp-block-jetpack-slideshow_container swiper-container\"><ul class=\"wp-block-jetpack-slideshow_swiper-wrapper swiper-wrapper\"><li class=\"wp-block-jetpack-slideshow_slide swiper-slide\"><figure><img loading=\"lazy\" decoding=\"async\" width=\"1024\" height=\"682\" alt=\"\" class=\"wp-block-jetpack-slideshow_image wp-image-393\" data-id=\"393\" src=\"http:\/\/leer-haltern.de\/wp-content\/uploads\/2024\/05\/Koenig-2024_2022-1024x682.jpg\" srcset=\"http:\/\/leer-haltern.de\/wp-content\/uploads\/2024\/05\/Koenig-2024_2022-1024x682.jpg 1024w, http:\/\/leer-haltern.de\/wp-content\/uploads\/2024\/05\/Koenig-2024_2022-300x200.jpg 300w, http:\/\/leer-haltern.de\/wp-content\/uploads\/2024\/05\/Koenig-2024_2022-768x512.jpg 768w, http:\/\/leer-haltern.de\/wp-content\/uploads\/2024\/05\/Koenig-2024_2022-1536x1023.jpg 1536w, http:\/\/leer-haltern.de\/wp-content\/uploads\/2024\/05\/Koenig-2024_2022.jpg 1600w\" sizes=\"(max-width: 767px) 89vw, (max-width: 1000px) 54vw, (max-width: 1071px) 543px, 580px\" \/><\/figure><\/li><li class=\"wp-block-jetpack-slideshow_slide swiper-slide\"><figure><img loading=\"lazy\" decoding=\"async\" width=\"1024\" height=\"682\" alt=\"\" class=\"wp-block-jetpack-slideshow_image wp-image-394\" data-id=\"394\" src=\"http:\/\/leer-haltern.de\/wp-content\/uploads\/2024\/05\/Koenigsgeld-1024x682.jpg\" srcset=\"http:\/\/leer-haltern.de\/wp-content\/uploads\/2024\/05\/Koenigsgeld-1024x682.jpg 1024w, http:\/\/leer-haltern.de\/wp-content\/uploads\/2024\/05\/Koenigsgeld-300x200.jpg 300w, http:\/\/leer-haltern.de\/wp-content\/uploads\/2024\/05\/Koenigsgeld-768x512.jpg 768w, http:\/\/leer-haltern.de\/wp-content\/uploads\/2024\/05\/Koenigsgeld-1536x1023.jpg 1536w, http:\/\/leer-haltern.de\/wp-content\/uploads\/2024\/05\/Koenigsgeld.jpg 1600w\" sizes=\"(max-width: 767px) 89vw, (max-width: 1000px) 54vw, (max-width: 1071px) 543px, 580px\" \/><\/figure><\/li><li class=\"wp-block-jetpack-slideshow_slide swiper-slide\"><figure><img loading=\"lazy\" decoding=\"async\" width=\"333\" height=\"500\" alt=\"\" class=\"wp-block-jetpack-slideshow_image wp-image-395\" data-id=\"395\" src=\"http:\/\/leer-haltern.de\/wp-content\/uploads\/2024\/05\/Maik_Huesmann2024-2.jpg\" srcset=\"http:\/\/leer-haltern.de\/wp-content\/uploads\/2024\/05\/Maik_Huesmann2024-2.jpg 333w, http:\/\/leer-haltern.de\/wp-content\/uploads\/2024\/05\/Maik_Huesmann2024-2-200x300.jpg 200w\" sizes=\"(max-width: 333px) 100vw, 333px\" \/><\/figure><\/li><li class=\"wp-block-jetpack-slideshow_slide swiper-slide\"><figure><img loading=\"lazy\" decoding=\"async\" width=\"1024\" height=\"682\" alt=\"\" class=\"wp-block-jetpack-slideshow_image wp-image-396\" data-id=\"396\" src=\"http:\/\/leer-haltern.de\/wp-content\/uploads\/2024\/05\/Vorstand-2024-1024x682.jpg\" srcset=\"http:\/\/leer-haltern.de\/wp-content\/uploads\/2024\/05\/Vorstand-2024-1024x682.jpg 1024w, http:\/\/leer-haltern.de\/wp-content\/uploads\/2024\/05\/Vorstand-2024-300x200.jpg 300w, http:\/\/leer-haltern.de\/wp-content\/uploads\/2024\/05\/Vorstand-2024-768x512.jpg 768w, http:\/\/leer-haltern.de\/wp-content\/uploads\/2024\/05\/Vorstand-2024-1536x1023.jpg 1536w, http:\/\/leer-haltern.de\/wp-content\/uploads\/2024\/05\/Vorstand-2024.jpg 1600w\" sizes=\"(max-width: 767px) 89vw, (max-width: 1000px) 54vw, (max-width: 1071px) 543px, 580px\" \/><\/figure><\/li><\/ul><a class=\"wp-block-jetpack-slideshow_button-prev swiper-button-prev swiper-button-white\" role=\"button\"><\/a><a class=\"wp-block-jetpack-slideshow_button-next swiper-button-next swiper-button-white\" role=\"button\"><\/a><a aria-label=\"Pause Slideshow\" class=\"wp-block-jetpack-slideshow_button-pause\" role=\"button\"><\/a><div class=\"wp-block-jetpack-slideshow_pagination swiper-pagination swiper-pagination-white\"><\/div><\/div><\/div>\n\n\n\n<p>Eintrag Protokollbuch<\/p>\n\n\n\n<p>Die Aktivit\u00e4ten in Haltern rund um das Sch\u00fctzenfest \u00b424 starteten in diesem Jahr relativ fr\u00fch, denn bereits am 06. Mai begannen die Vorbereitungen f\u00fcrs wenige Tage sp\u00e4ter anstehende Fest. Montags und Dienstags besch\u00e4ftigte man sich mit dem Herrichten von Zelt- und Schie\u00dfplatz, ehe dann Mittwochs am 08. Mai das Zelt mit dem von den Junggesellen geschlagenen Gr\u00fcn geschm\u00fcckt wurde. Abends kam der Verein dann f\u00fcr den offiziellen Start um 18:15 Uhr zum gemeinsamen Kirchgang zusammen. Gehalten wurde die Messe von Pastor Oliver Paschke und die anschlie\u00dfende Rede zur Kranzniederlegung am Ehrenmal hielt erster Vorsitzender Frank Berning. Mitgestaltet wurden beiden Programmpunkte erfreulicher Weise wieder von der \u201eLeerschken Blickband\u201c.<\/p>\n\n\n\n<p>Nach der Kirche hie\u00df es dann raus aus der Sch\u00fctzenmontur, denn ab 21:00 Uhr begann die in Haltern mittlerweile zur Tradition gewordene \u201eMexican Night\u201c. Das DJ Team \u201eFlash\u201c sorgte bis in die fr\u00fchen Morgenstunden f\u00fcr ausgelassene Stimmung, insbesondere f\u00fcr die j\u00fcngere Genration.<\/p>\n\n\n\n<p>Tags darauf am Himmelfahrtstag traten rundweg 80 Sch\u00fctzenbr\u00fcder, unter Ihnen sage und schreibe 23 Junggesellen, auf dem Festzelt an, ehe man zum Hof Nienau marschierte. \u00dcblicherweise geht der Zug vom Zelt zum Hof H\u00fcsing, doch aufgrund des Versterbens von August H\u00fcsing, zweieinhalb Wochen zuvor, disponierte man in Absprache mit der Familie H\u00fcsing um. Nachdem bei Nienau der Oberst, die Fahne, sowie der noch amtierende K\u00f6nig ausgeholt wurden, setzte sich der Verein unter der musikalischen Begleitung vom Spielmanns- und Fanfarenzug Kolping Metelen zum Schie\u00dfplatz am Hof Wolbert-Haverkamp in Bewegung.<\/p>\n\n\n\n<p>Hier angekommen, begr\u00fc\u00dfte Oberst Markus May ganz besonders unseren B\u00fcrgermeister Robert Wenking, ehe er die Schie\u00dfregeln verk\u00fcndete. Doch bevor man zum K\u00f6nigsschie\u00dfen kam, konnte Vorsitzender Frank Berning einige erfreuliche Ehrung vornehmen. In diesem Jahr gab es in Haltern gleich 2 Jubelk\u00f6nige, denn mit Paul May, der den Vogel vor 25 Jahren von der Stange holte und Bernhard Deitermann, der vor 50 Jahren die K\u00f6nigsehre inne hatte, gab es sowohl ein silbernes, als auch ein goldenes K\u00f6nigspaar. Beide erhielten die entsprechenden Jubelorden des Vereins. Desweiteren wurden f\u00fcr 10-j\u00e4hrige Vorstandsarbeit Hendrik Viefhues und Mark Selker geehrt. \u00c4hnliches, jedoch f\u00fcr 20-j\u00e4hrige T\u00e4tigkeit f\u00fcr die Sch\u00fctzenbr\u00fcder Heinz M\u00f6llers, Henning H\u00f6seler und Ronny Zimmermann. Erw\u00e4hnenswert an dieser Stelle sicher auch noch der Geburtstag des w\u00e4hrend der Corona-Zeit am l\u00e4ngsten amtierenden K\u00f6nigs Jonas Viefhues, der zum 30. Wiegenfest ein St\u00e4ndchen vom gesamten Verein erhielt, es sollte \u00fcbrigens nicht das letzte an diesem Tag sein. Nach den Er\u00f6ffnungssch\u00fcssen vom B\u00fcrgermeister, sowie dem alten K\u00f6nig Olaf Gro\u00dfe-Kleimann begann das Ringen um die K\u00f6nigsw\u00fcrde. Schlussendlich konnte sich verdiensterma\u00dfen Maik Huesmann mit dem finalen 168. Schuss um 16:45 Uhr zum neuen Sch\u00fctzenk\u00f6nig in Haltern k\u00fcren. Zum K\u00f6nigsgemahl erkor er sich Marvin Albersmann. Im Anschluss gab es beim<\/p>\n\n\n\n<p>Sternschie\u00dfen f\u00fcr Jedermann und Frau die M\u00f6glichkeit die Schie\u00dfkunst zu verbessern. Die Treffsichersten erhielten daf\u00fcr Freigetr\u00e4nke.<\/p>\n\n\n\n<p>Gegen 18:30 wurde das neue K\u00f6nigspaar proklamiert und man marschierte zur\u00fcck zum Festzelt, wo um 20:00 Uhr der Ausmarsch zur Polonaise startete, ehe dann ab 21:00 Uhr die \u201eX.O. Band\u201c zum K\u00f6nigsball aufspielte. Zum Ehrentanz des neuen K\u00f6nigspaares Maik &amp; Marvin gesellten sich ebenfalls die Jubelpaare Paul und Marlies May, sowie Bernhard Deitermann und Hanne Sprey, geborene Wolbert. An diesem Abend schickten sich mit dem Bacardi Club auch bereits die ersten Gratulanten an, dem K\u00f6nigspaar Ihre Gl\u00fcckw\u00fcnsche zu \u00fcberbringen. Als gegen 02:00 Uhr Nachts das letzte Lied der Musik erklang, wurde kurze Hand noch ein Lagerfeuer einberufen, ehe dann der immerhin 100m lange Fu\u00dfmarsch zum nahezu gegen\u00fcber liegenden Wohnort des neuen K\u00f6nigspaares anstand.<\/p>\n\n\n\n<p>Nur einige Stunden sp\u00e4ter ging es p\u00fcnktlich um 10:00 Uhr mit dem Fr\u00fchschoppen weiter, der in diesem Jahr, auch aufgrund der zahlreichen Junggesellen, besonders gut besucht war. Letztere hatten beim vergangenen Sch\u00fctzenfest nach einem intensiven Fr\u00fchschoppen schonmal ein Hubsteiger als mobile Fahnenstange organisiert. Dieses Jahr sollte es noch besser kommen, denn p\u00fcnktlich zum abendlichen Ausmarsch um 20:00 Uhr war die Halterner Wellnessoase vorbereitet, incl. Fasssaune und Au\u00dfenpool. Abrundend sei aber zun\u00e4chst noch erw\u00e4hnt, dass ab 15:00 Uhr das traditionelle Kaffeetrinken auf dem Festzelt stattfand. Neben Kaffee und Kuchen, verlas Frank Berning einige Anekdoten aus dem Halterner Jubil\u00e4umsbuch, mit besonderem Augenmerk auf das Sch\u00fctzenfest 1998, da hier seinerzeit der Termin des Halterner Sch\u00fctzenfestes erstmals umgelegt worden war. Zugleich war damals bei diesem Sch\u00fctzenfest die anwesende Marlies May K\u00f6nigin, sie erhielt als Jubelk\u00f6nigin ein Blumenpr\u00e4sent vom Verein.<\/p>\n\n\n\n<p>Der abendliche K\u00f6nigsball war gut besucht, nicht zuletzt auch aufgrund des Besuchs der heimischen Gastvereine aus Leer-Dor, Leer-Ostendorf und der Alst. Aber auch zahlreiche Gratulanten des K\u00f6nigspaares f\u00fcllten das Festzelt. Neben den Familien, Nachbarn, Arbeitskollegen und Cliquen des K\u00f6ngispaares, auch der Vorstand, die Vorstandsfrauen und selbstverst\u00e4ndlich auch die Junggesellen, die Maik zur Ehre im Finanzcontrolling-Outfit aufs Zelt zogen. Die \u201eX.O. Band\u201c spielte bis in die fr\u00fchen Morgenstunden, denn erst nach 04:00 Uhr in der Fr\u00fch stimmte Sie ihr letztes Lied an, bevor eine stattliche Abordnung das K\u00f6nigspaar nach Hause begleitet. Hier angekommen gingen noch exakt 102 Spiegeleier durch die Pfanne des Halterner Vereinsgrills, ehe sich dann noch eine extrem durchhaltef\u00e4hige Truppe auf den Weg nach Leer zum Dorfladen machte, um dort ein zweites Fr\u00fchst\u00fcck einzunehmen.<\/p>\n\n\n\n<p>Der letzte Tag des Sch\u00fctzenfestes sollte jedoch leider schneller anbrechen, als Vielen lieb war, denn ab 14:00 Uhr kam der gesamte Verein zum Familiennnachmittag zusammen. Es gab Kaffee und Kuchen, f\u00fcr die Kinder waren H\u00fcpfburg, Sandkasten, sowie ein Wasserspiel aufgebaut und im Schatten der B\u00e4ume von H\u00fcsings Busch wurde ein neuer R\u00fcbenk\u00f6nig ausgeschossen. Nach z\u00e4hem Schie\u00dfen sicherte sich unser \u201eKettcar-Sch\u00fctze\u201c Andreas Tenhumberg den Titel des R\u00fcbenk\u00f6nigs. Als R\u00fcbenk\u00f6nigin suchte er sich Silke Gro\u00dfe-<\/p>\n\n\n\n<p>Kleimann aus. Nach dem Ehrentanz des neuen R\u00fcbenpaares nahm das Fest bis in die Nachtstunden hinein einen harmonischen Ausklang. Einige hartgesottene soll es zu sp\u00e4terer Stunde sogar noch zum Sch\u00fctzenfest in die Dumte verschlagen haben.<\/p>\n\n\n\n<p>Abschlie\u00dfend darf der Wettergott allerdings nicht g\u00e4nzlich unerw\u00e4hnt bleiben, welcher es mit Haltern von Beginn der Aufr\u00e4umarbeiten bis zum letzten Bier auf dem Festzelt ausnahmslos gut meinte. Nehmen wir die gute Stimmung mit ins Vereinsleben und freuen uns gemeinsam auf die n\u00e4chsten Veranstaltungen vom Sch\u00fctzenverein Leer-Haltern.<\/p>\n\n\n\n<p><br><\/p>\n","protected":false},"excerpt":{"rendered":"<p>Maik Huesmann neuer K\u00f6nig der Halterner Der Sch\u00fctzenverein Leer-Haltern hat ein neues K\u00f6nigspaar. Mit dem 168. Schuss holte Maik Huesmann den Rest des Vogels von der Stange. Zum K\u00f6nigsgemahl erkor er sich Marvin Albersmann. Damit endete die zweij\u00e4hrige Regentschaft von Olaf Gro\u00dfe-Kleimann und seiner Lebensgef\u00e4hrtin Claudia Brosig. Das Sch\u00fctzenfest begann mit einem gemeinsamen Gottesdienst in &hellip; <\/p>\n<p class=\"link-more\"><a href=\"http:\/\/leer-haltern.de\/?page_id=358\" class=\"more-link\"><span class=\"screen-reader-text\">\u201eSch\u00fctzenfest 2024\u201c <\/span>weiterlesen<\/a><\/p>\n","protected":false},"author":1,"featured_media":359,"parent":0,"menu_order":0,"comment_status":"closed","ping_status":"closed","template":"","meta":{"footnotes":""},"class_list":["post-358","page","type-page","status-publish","has-post-thumbnail","hentry"],"jetpack_sharing_enabled":true,"_links":{"self":[{"href":"http:\/\/leer-haltern.de\/index.php?rest_route=\/wp\/v2\/pages\/358","targetHints":{"allow":["GET"]}}],"collection":[{"href":"http:\/\/leer-haltern.de\/index.php?rest_route=\/wp\/v2\/pages"}],"about":[{"href":"http:\/\/leer-haltern.de\/index.php?rest_route=\/wp\/v2\/types\/page"}],"author":[{"embeddable":true,"href":"http:\/\/leer-haltern.de\/index.php?rest_route=\/wp\/v2\/users\/1"}],"replies":[{"embeddable":true,"href":"http:\/\/leer-haltern.de\/index.php?rest_route=%2Fwp%2Fv2%2Fcomments&post=358"}],"version-history":[{"count":4,"href":"http:\/\/leer-haltern.de\/index.php?rest_route=\/wp\/v2\/pages\/358\/revisions"}],"predecessor-version":[{"id":430,"href":"http:\/\/leer-haltern.de\/index.php?rest_route=\/wp\/v2\/pages\/358\/revisions\/430"}],"wp:featuredmedia":[{"embeddable":true,"href":"http:\/\/leer-haltern.de\/index.php?rest_route=\/wp\/v2\/media\/359"}],"wp:attachment":[{"href":"http:\/\/leer-haltern.de\/index.php?rest_route=%2Fwp%2Fv2%2Fmedia&parent=358"}],"curies":[{"name":"wp","href":"https:\/\/api.w.org\/{rel}","templated":true}]}}