{"id":407,"date":"2024-06-14T07:38:50","date_gmt":"2024-06-14T07:38:50","guid":{"rendered":"http:\/\/leer-haltern.de\/?page_id=407"},"modified":"2024-06-14T08:57:03","modified_gmt":"2024-06-14T08:57:03","slug":"mitglied-werden","status":"publish","type":"page","link":"http:\/\/leer-haltern.de\/?page_id=407","title":{"rendered":"Mitglied werden"},"content":{"rendered":"\n<p>Du m\u00f6chtest Vereinsmitglied im  Sch\u00fctzenverein Leer-Haltern 1609 e.V. werden? <\/p>\n\n\n\n<p>Wir freuen uns auf dich.<\/p>\n\n\n\n<p>Bitte lade den Mitgliedsantrag herunter, f\u00fclle diesen vollst\u00e4ndig aus und schicke diesen entweder per Mail an die Info@Leer-Haltern.de oder schicke diesen per Post an die folgende Adresse:<\/p>\n\n\n\n<p>Sch\u00fctzenverein Leer-Haltern 1609 e.V.<br>Chris Gro\u00dfe-Kleimann<br>Haltern 1a<br>48612 Horstmar-Leer<\/p>\n\n\n\n<p>Es werden aber auch weiterhin gerne unterschriebene Bierdeckel entgegengenommen \ud83d\ude09<\/p>\n\n\n\n<div data-wp-interactive=\"core\/file\" class=\"wp-block-file\"><object data-wp-bind--hidden=\"!state.hasPdfPreview\" hidden class=\"wp-block-file__embed\" data=\"http:\/\/leer-haltern.de\/wp-content\/uploads\/2024\/06\/Mitgliedsantrag-Schuetzenverein-Leer-Haltern.pdf\" type=\"application\/pdf\" style=\"width:100%;height:600px\" aria-label=\"Einbettung von Mitgliedsantrag-Schuetzenverein-Leer-Haltern.\"><\/object><a id=\"wp-block-file--media-0ffccca8-2dd0-4934-b3ac-4b6fa6535241\" href=\"http:\/\/leer-haltern.de\/wp-content\/uploads\/2024\/06\/Mitgliedsantrag-Schuetzenverein-Leer-Haltern.pdf\">Mitgliedsantrag-Schuetzenverein-Leer-Haltern<\/a><a href=\"http:\/\/leer-haltern.de\/wp-content\/uploads\/2024\/06\/Mitgliedsantrag-Schuetzenverein-Leer-Haltern.pdf\" class=\"wp-block-file__button wp-element-button\" download aria-describedby=\"wp-block-file--media-0ffccca8-2dd0-4934-b3ac-4b6fa6535241\">Herunterladen<\/a><\/div>\n","protected":false},"excerpt":{"rendered":"<p>Du m\u00f6chtest Vereinsmitglied im Sch\u00fctzenverein Leer-Haltern 1609 e.V. werden? Wir freuen uns auf dich. Bitte lade den Mitgliedsantrag herunter, f\u00fclle diesen vollst\u00e4ndig aus und schicke diesen entweder per Mail an die Info@Leer-Haltern.de oder schicke diesen per Post an die folgende Adresse: Sch\u00fctzenverein Leer-Haltern 1609 e.V.Chris Gro\u00dfe-KleimannHaltern 1a48612 Horstmar-Leer Es werden aber auch weiterhin gerne unterschriebene &hellip; <\/p>\n<p class=\"link-more\"><a href=\"http:\/\/leer-haltern.de\/?page_id=407\" class=\"more-link\"><span class=\"screen-reader-text\">\u201eMitglied werden\u201c <\/span>weiterlesen<\/a><\/p>\n","protected":false},"author":1,"featured_media":0,"parent":0,"menu_order":0,"comment_status":"closed","ping_status":"closed","template":"","meta":{"footnotes":""},"class_list":["post-407","page","type-page","status-publish","hentry"],"jetpack_sharing_enabled":true,"_links":{"self":[{"href":"http:\/\/leer-haltern.de\/index.php?rest_route=\/wp\/v2\/pages\/407","targetHints":{"allow":["GET"]}}],"collection":[{"href":"http:\/\/leer-haltern.de\/index.php?rest_route=\/wp\/v2\/pages"}],"about":[{"href":"http:\/\/leer-haltern.de\/index.php?rest_route=\/wp\/v2\/types\/page"}],"author":[{"embeddable":true,"href":"http:\/\/leer-haltern.de\/index.php?rest_route=\/wp\/v2\/users\/1"}],"replies":[{"embeddable":true,"href":"http:\/\/leer-haltern.de\/index.php?rest_route=%2Fwp%2Fv2%2Fcomments&post=407"}],"version-history":[{"count":2,"href":"http:\/\/leer-haltern.de\/index.php?rest_route=\/wp\/v2\/pages\/407\/revisions"}],"predecessor-version":[{"id":413,"href":"http:\/\/leer-haltern.de\/index.php?rest_route=\/wp\/v2\/pages\/407\/revisions\/413"}],"wp:attachment":[{"href":"http:\/\/leer-haltern.de\/index.php?rest_route=%2Fwp%2Fv2%2Fmedia&parent=407"}],"curies":[{"name":"wp","href":"https:\/\/api.w.org\/{rel}","templated":true}]}}