{"id":5,"date":"2019-10-04T17:04:08","date_gmt":"2019-10-04T17:04:08","guid":{"rendered":"http:\/\/leer-haltern.de\/?page_id=5"},"modified":"2026-02-05T17:29:54","modified_gmt":"2026-02-05T17:29:54","slug":"termine","status":"publish","type":"page","link":"http:\/\/leer-haltern.de\/?page_id=5","title":{"rendered":"Termine"},"content":{"rendered":"\n<h2 class=\"wp-block-heading\"><strong>Termine 2026<\/strong><\/h2>\n\n\n\n<figure class=\"wp-block-table alignleft is-style-regular\"><table><tbody><tr><td><strong>Januar<\/strong><\/td><\/tr><tr><td><\/td><\/tr><tr><td><strong>Februar<\/strong><\/td><\/tr><tr><td><\/td><\/tr><tr><td><strong>M\u00e4rz<\/strong><\/td><\/tr><tr><td><\/td><\/tr><tr><td><strong>April<\/strong><\/td><\/tr><tr><td>03.04. 13:00 Buschken holen der Junggesellen, Kapelle in Haltern<br>05.04. 19:00 Osterfeuer<br>25.04. 20:00 Weinprobe f\u00fcr alle Vereinsmitglieder mit Partner (n\u00e4here Infos folgen)<br>30.04. 18:00 D\u00e4mmerschoppen Hof Langenhorst<\/td><\/tr><tr><td><strong>Mai<\/strong><\/td><\/tr><tr><td>01.05. Maistand auf dem Hof Langenhorst<br>02.05.Sch\u00fctzenfest Alst, K\u00f6nigsball mit Gastvereinen<br>13.05. Abendmesse mit Kranzniederlegung bei Loreto, ab 21:00 Uhr Party auf dem Festzelt<br>14.05. 14:00 Antreten, anschlie\u00dfend K\u00f6nigsschie\u00dfen und abendlicher K\u00f6nigsball<br>15.05. 10:00 Fr\u00fchschoppen 20:00 K\u00f6nigsball mit Gastvereinen<br>16.05. 14:30 Familiennachmittag mit Kaffeetrinken<br>30.05 17:00 Sch\u00fctzenfest Abrechnen<\/td><\/tr><tr><td><strong>Juni<\/strong><\/td><\/tr><tr><td>14.06. Festumzug Jubil\u00e4um Leer-Dorf<br>15.06. 20:00 Sch\u00fctzenfest Leer-Dorf, K\u00f6nigsball mit Gastvereinen<\/td><\/tr><tr><td><strong>Juli<\/strong><\/td><\/tr><tr><td>18.07. 20:00 Sch\u00fctzenfest Leer-Ostendorf, K\u00f6nigsball mit Gastvereinen<\/td><\/tr><tr><td><strong>August<\/strong><\/td><\/tr><tr><td><\/td><\/tr><tr><td><strong>Oktober<\/strong><\/td><\/tr><tr><td><\/td><\/tr><tr><td><strong>November<\/strong><\/td><\/tr><tr><td>15.11 Volkstrauertag<br><\/td><\/tr><tr><td><strong>Dezember<\/strong><\/td><\/tr><tr><td>06.12 Nikolausfeier<\/td><\/tr><\/tbody><\/table><\/figure>\n\n\n\n<p><\/p>\n","protected":false},"excerpt":{"rendered":"<p>Termine 2026 Januar Februar M\u00e4rz April 03.04. 13:00 Buschken holen der Junggesellen, Kapelle in Haltern05.04. 19:00 Osterfeuer25.04. 20:00 Weinprobe f\u00fcr alle Vereinsmitglieder mit Partner (n\u00e4here Infos folgen)30.04. 18:00 D\u00e4mmerschoppen Hof Langenhorst Mai 01.05. Maistand auf dem Hof Langenhorst02.05.Sch\u00fctzenfest Alst, K\u00f6nigsball mit Gastvereinen13.05. Abendmesse mit Kranzniederlegung bei Loreto, ab 21:00 Uhr Party auf dem Festzelt14.05. 14:00 &hellip; <\/p>\n<p class=\"link-more\"><a href=\"http:\/\/leer-haltern.de\/?page_id=5\" class=\"more-link\"><span class=\"screen-reader-text\">\u201eTermine\u201c <\/span>weiterlesen<\/a><\/p>\n","protected":false},"author":1,"featured_media":0,"parent":0,"menu_order":0,"comment_status":"closed","ping_status":"closed","template":"","meta":{"footnotes":""},"class_list":["post-5","page","type-page","status-publish","hentry"],"jetpack_sharing_enabled":true,"_links":{"self":[{"href":"http:\/\/leer-haltern.de\/index.php?rest_route=\/wp\/v2\/pages\/5","targetHints":{"allow":["GET"]}}],"collection":[{"href":"http:\/\/leer-haltern.de\/index.php?rest_route=\/wp\/v2\/pages"}],"about":[{"href":"http:\/\/leer-haltern.de\/index.php?rest_route=\/wp\/v2\/types\/page"}],"author":[{"embeddable":true,"href":"http:\/\/leer-haltern.de\/index.php?rest_route=\/wp\/v2\/users\/1"}],"replies":[{"embeddable":true,"href":"http:\/\/leer-haltern.de\/index.php?rest_route=%2Fwp%2Fv2%2Fcomments&post=5"}],"version-history":[{"count":41,"href":"http:\/\/leer-haltern.de\/index.php?rest_route=\/wp\/v2\/pages\/5\/revisions"}],"predecessor-version":[{"id":440,"href":"http:\/\/leer-haltern.de\/index.php?rest_route=\/wp\/v2\/pages\/5\/revisions\/440"}],"wp:attachment":[{"href":"http:\/\/leer-haltern.de\/index.php?rest_route=%2Fwp%2Fv2%2Fmedia&parent=5"}],"curies":[{"name":"wp","href":"https:\/\/api.w.org\/{rel}","templated":true}]}}