{"id":67,"date":"2019-10-05T12:31:32","date_gmt":"2019-10-05T12:31:32","guid":{"rendered":"http:\/\/leer-haltern.de\/?page_id=67"},"modified":"2024-05-13T19:53:56","modified_gmt":"2024-05-13T19:53:56","slug":"ruebenkoenigschiessen","status":"publish","type":"page","link":"http:\/\/leer-haltern.de\/?page_id=67","title":{"rendered":"R\u00fcbenk\u00f6nigschie\u00dfen"},"content":{"rendered":"\n<p>R\u00fcbenk\u00f6nige <\/p>\n\n\n\n<figure class=\"wp-block-table is-style-regular\"><table><tbody><tr><td>1972<\/td><td>Reinhold Ernsting<\/td><\/tr><tr><td>1974<\/td><td>Heinz Waterkamp<\/td><\/tr><tr><td>1976<\/td><td>Siegfried Ernsting<\/td><\/tr><tr><td>1978<\/td><td>Josef Nienau<\/td><\/tr><tr><td>1980<\/td><td>Norbert Bruns<\/td><\/tr><tr><td>1982<\/td><td>Franz K\u00f6lker<\/td><\/tr><tr><td>1984<\/td><td>Wilfried B\u00f6ckers<\/td><\/tr><tr><td>1986<\/td><td>Karl-Heinz G\u00f6vert<\/td><\/tr><tr><td>1987<\/td><td>Josef Nienau<\/td><\/tr><tr><td>1988<\/td><td>Bernhard Bruns<\/td><\/tr><tr><td>1990<\/td><td>Karl-Heinz G\u00f6vert<\/td><\/tr><tr><td>1992<\/td><td>August Wolbert<\/td><\/tr><tr><td>1994<\/td><td>Rainer M\u00f6llers<\/td><\/tr><tr><td>1996<\/td><td>Heinz Bl\u00f6mer<\/td><\/tr><tr><td>1998<\/td><td>Christian Nienau<\/td><\/tr><tr><td>2000<\/td><td>Markus May<\/td><\/tr><tr><td>2002<\/td><td>Cornelius M\u00fclders<\/td><\/tr><tr><td>2004<\/td><td>Tobias May<\/td><\/tr><tr><td>2006<\/td><td>August Wolbert<\/td><\/tr><tr><td>2008<\/td><td>Ralf B\u00f6ckers<\/td><\/tr><tr><td>2010<\/td><td>Udo Sieland<\/td><\/tr><tr><td>2012<\/td><td>Stefan K\u00f6lker<\/td><\/tr><tr><td>2014<\/td><td>Frank Berning<\/td><\/tr><tr><td>2016<\/td><td>Marius Wewers<\/td><\/tr><tr><td>2018<\/td><td>Hermann Huesmann<\/td><\/tr><tr><td>2022<\/td><td>Marvin Hunke<\/td><\/tr><tr><td>2024<\/td><td>Andreas Tenhumberg<\/td><\/tr><\/tbody><\/table><\/figure>\n\n\n\n<p><\/p>\n\n\n\n<p><\/p>\n\n\n\n<figure class=\"wp-block-image\"><img decoding=\"async\" src=\"http:\/\/leer-haltern.de\/wp-content\/uploads\/2019\/10\/IMG_1330-683x1024.jpg\" alt=\"\" class=\"wp-image-114\"\/><figcaption class=\"wp-element-caption\">R\u00fcbenk\u00f6nigsekette<\/figcaption><\/figure>\n","protected":false},"excerpt":{"rendered":"<p>R\u00fcbenk\u00f6nige 1972 Reinhold Ernsting 1974 Heinz Waterkamp 1976 Siegfried Ernsting 1978 Josef Nienau 1980 Norbert Bruns 1982 Franz K\u00f6lker 1984 Wilfried B\u00f6ckers 1986 Karl-Heinz G\u00f6vert 1987 Josef Nienau 1988 Bernhard Bruns 1990 Karl-Heinz G\u00f6vert 1992 August Wolbert 1994 Rainer M\u00f6llers 1996 Heinz Bl\u00f6mer 1998 Christian Nienau 2000 Markus May 2002 Cornelius M\u00fclders 2004 Tobias May &hellip; <\/p>\n<p class=\"link-more\"><a href=\"http:\/\/leer-haltern.de\/?page_id=67\" class=\"more-link\"><span class=\"screen-reader-text\">\u201eR\u00fcbenk\u00f6nigschie\u00dfen\u201c <\/span>weiterlesen<\/a><\/p>\n","protected":false},"author":1,"featured_media":0,"parent":0,"menu_order":0,"comment_status":"closed","ping_status":"closed","template":"","meta":{"footnotes":""},"class_list":["post-67","page","type-page","status-publish","hentry"],"jetpack_sharing_enabled":true,"_links":{"self":[{"href":"http:\/\/leer-haltern.de\/index.php?rest_route=\/wp\/v2\/pages\/67","targetHints":{"allow":["GET"]}}],"collection":[{"href":"http:\/\/leer-haltern.de\/index.php?rest_route=\/wp\/v2\/pages"}],"about":[{"href":"http:\/\/leer-haltern.de\/index.php?rest_route=\/wp\/v2\/types\/page"}],"author":[{"embeddable":true,"href":"http:\/\/leer-haltern.de\/index.php?rest_route=\/wp\/v2\/users\/1"}],"replies":[{"embeddable":true,"href":"http:\/\/leer-haltern.de\/index.php?rest_route=%2Fwp%2Fv2%2Fcomments&post=67"}],"version-history":[{"count":5,"href":"http:\/\/leer-haltern.de\/index.php?rest_route=\/wp\/v2\/pages\/67\/revisions"}],"predecessor-version":[{"id":353,"href":"http:\/\/leer-haltern.de\/index.php?rest_route=\/wp\/v2\/pages\/67\/revisions\/353"}],"wp:attachment":[{"href":"http:\/\/leer-haltern.de\/index.php?rest_route=%2Fwp%2Fv2%2Fmedia&parent=67"}],"curies":[{"name":"wp","href":"https:\/\/api.w.org\/{rel}","templated":true}]}}